{"id":205,"date":"2025-01-14T11:54:12","date_gmt":"2025-01-14T10:54:12","guid":{"rendered":"https:\/\/clickalert.net\/?page_id=205"},"modified":"2025-03-17T18:45:12","modified_gmt":"2025-03-17T17:45:12","slug":"contacto","status":"publish","type":"page","link":"https:\/\/clickalert.net\/es\/contacto\/","title":{"rendered":"Agenda una reuni\u00f3n"},"content":{"rendered":"\t\t<div data-elementor-type=\"wp-page\" data-elementor-id=\"205\" class=\"elementor elementor-205\" data-elementor-post-type=\"page\">\n\t\t\t\t<div class=\"elementor-element elementor-element-df9a491 hero e-flex e-con-boxed e-con e-parent\" data-id=\"df9a491\" data-element_type=\"container\" data-e-type=\"container\" data-settings=\"{&quot;background_background&quot;:&quot;classic&quot;,&quot;jet_parallax_layout_list&quot;:[]}\">\n\t\t\t\t\t<div class=\"e-con-inner\">\n\t\t<div class=\"elementor-element elementor-element-04f1548 e-con-full e-flex elementor-invisible e-con e-child\" data-id=\"04f1548\" data-element_type=\"container\" data-e-type=\"container\" data-settings=\"{&quot;jet_parallax_layout_list&quot;:[],&quot;animation&quot;:&quot;fadeIn&quot;}\">\n\t\t\t\t<div class=\"elementor-element elementor-element-a7169ef elementor-widget elementor-widget-heading\" data-id=\"a7169ef\" data-element_type=\"widget\" data-e-type=\"widget\" data-widget_type=\"heading.default\">\n\t\t\t\t<div class=\"elementor-widget-container\">\n\t\t\t\t\t<h1 class=\"elementor-heading-title elementor-size-default\"><span>Agenda una reuni\u00f3n<\/span> para descubrir todo el ahorro que te podemos generar<\/h1>\t\t\t\t<\/div>\n\t\t\t\t<\/div>\n\t\t\t\t<div class=\"elementor-element elementor-element-00db9e0 elementor-widget elementor-widget-text-editor\" data-id=\"00db9e0\" data-element_type=\"widget\" data-e-type=\"widget\" data-widget_type=\"text-editor.default\">\n\t\t\t\t<div class=\"elementor-widget-container\">\n\t\t\t\t\t\t\t\t\t<p>En esta reuni\u00f3n de <b>30 minutos<\/b><b> y sin compromiso<\/b>, conocer\u00e1s nuestra forma de trabajar y ver\u00e1s de primera mano todo el potencial de lo que te ofrecemos, con ejemplos reales de tu propia actividad y seg\u00fan tus necesidades espec\u00edficas.<\/p><p><strong>Nos adaptamos a ti<\/strong>. Encuentra un hueco en tu agenda para hablar con uno de nuestros expertos.<\/p>\t\t\t\t\t\t\t\t<\/div>\n\t\t\t\t<\/div>\n\t\t\t\t<\/div>\n\t\t<div class=\"elementor-element elementor-element-d963ebd e-con-full e-flex e-con e-child\" data-id=\"d963ebd\" data-element_type=\"container\" data-e-type=\"container\" data-settings=\"{&quot;jet_parallax_layout_list&quot;:[]}\">\n\t\t\t\t<div class=\"elementor-element elementor-element-6efd9af elementor-invisible elementor-widget elementor-widget-html\" data-id=\"6efd9af\" data-element_type=\"widget\" data-e-type=\"widget\" data-settings=\"{&quot;_animation&quot;:&quot;fadeInRight&quot;,&quot;_animation_delay&quot;:1500}\" data-widget_type=\"html.default\">\n\t\t\t\t<div class=\"elementor-widget-container\">\n\t\t\t\t\t<!-- Calendly inline widget begin -->\n<div class=\"calendly-inline-widget\" data-url=\"https:\/\/calendly.com\/bernardo-clickalert\/apresentacao-click-alert?hide_event_type_details=1&hide_gdpr_banner=1\" style=\"min-width:320px;height:700px;\"><\/div>\n<script type=\"text\/javascript\" src=\"https:\/\/assets.calendly.com\/assets\/external\/widget.js\" async><\/script>\n<!-- Calendly inline widget end -->\t\t\t\t<\/div>\n\t\t\t\t<\/div>\n\t\t\t\t<\/div>\n\t\t\t\t\t<\/div>\n\t\t\t\t<\/div>\n\t\t\t\t<\/div>\n\t\t","protected":false},"excerpt":{"rendered":"<p>Agenda una reuni\u00f3n para descubrir todo el ahorro que te podemos generar En esta reuni\u00f3n de 30 minutos y sin compromiso, conocer\u00e1s nuestra forma de trabajar y ver\u00e1s de primera mano todo el potencial de lo que te ofrecemos, con ejemplos reales de tu propia actividad y seg\u00fan tus necesidades espec\u00edficas. Nos adaptamos a ti. [&hellip;]<\/p>\n","protected":false},"author":5,"featured_media":0,"parent":0,"menu_order":0,"comment_status":"closed","ping_status":"closed","template":"elementor_header_footer","meta":{"footnotes":""},"class_list":["post-205","page","type-page","status-publish","hentry"],"_links":{"self":[{"href":"https:\/\/clickalert.net\/es\/wp-json\/wp\/v2\/pages\/205","targetHints":{"allow":["GET"]}}],"collection":[{"href":"https:\/\/clickalert.net\/es\/wp-json\/wp\/v2\/pages"}],"about":[{"href":"https:\/\/clickalert.net\/es\/wp-json\/wp\/v2\/types\/page"}],"author":[{"embeddable":true,"href":"https:\/\/clickalert.net\/es\/wp-json\/wp\/v2\/users\/5"}],"replies":[{"embeddable":true,"href":"https:\/\/clickalert.net\/es\/wp-json\/wp\/v2\/comments?post=205"}],"version-history":[{"count":59,"href":"https:\/\/clickalert.net\/es\/wp-json\/wp\/v2\/pages\/205\/revisions"}],"predecessor-version":[{"id":1955,"href":"https:\/\/clickalert.net\/es\/wp-json\/wp\/v2\/pages\/205\/revisions\/1955"}],"wp:attachment":[{"href":"https:\/\/clickalert.net\/es\/wp-json\/wp\/v2\/media?parent=205"}],"curies":[{"name":"wp","href":"https:\/\/api.w.org\/{rel}","templated":true}]}}